{"id":5355,"date":"2024-03-03T18:23:59","date_gmt":"2024-03-03T18:23:59","guid":{"rendered":"https:\/\/www.radca-morawiecmrozinska.pl\/?page_id=5355"},"modified":"2024-11-23T14:14:27","modified_gmt":"2024-11-23T14:14:27","slug":"kontakt","status":"publish","type":"page","link":"https:\/\/www.radca-morawiecmrozinska.pl\/index.php\/kontakt\/","title":{"rendered":"Kontakt"},"content":{"rendered":"\t\t<div data-elementor-type=\"wp-page\" data-elementor-id=\"5355\" class=\"elementor elementor-5355\">\n\t\t\t\t<div class=\"elementor-element elementor-element-1c72541 e-flex e-con-boxed e-con e-parent\" data-id=\"1c72541\" data-element_type=\"container\">\n\t\t\t\t\t<div class=\"e-con-inner\">\n\t\t<div class=\"elementor-element elementor-element-0f4e2ac e-con-full e-flex e-con e-child\" data-id=\"0f4e2ac\" data-element_type=\"container\">\n\t\t\t\t<div class=\"elementor-element elementor-element-eec6cff elementor-widget elementor-widget-iheading\" data-id=\"eec6cff\" data-element_type=\"widget\" data-widget_type=\"iheading.default\">\n\t\t\t\t<div class=\"elementor-widget-container\">\n\t\t\t\t\t\t\t<div class=\"ot-heading\">\r\n\t        <h2 class=\"main-heading\">Skontaktuj si\u0119 z nami<\/h2>\t    <\/div>\r\n\t    \t\t\t\t<\/div>\n\t\t\t\t<\/div>\n\t\t\t\t<div class=\"elementor-element elementor-element-d0512fe elementor-widget elementor-widget-text-editor\" data-id=\"d0512fe\" data-element_type=\"widget\" data-widget_type=\"text-editor.default\">\n\t\t\t\t<div class=\"elementor-widget-container\">\n\t\t\t\t\t\t\t\t\t<p>Godziny otwarcia: 10:00 &#8211; 17:00<\/p>\t\t\t\t\t\t\t\t<\/div>\n\t\t\t\t<\/div>\n\t\t\t\t<div class=\"elementor-element elementor-element-e67d227 elementor-widget elementor-widget-icontact_info\" data-id=\"e67d227\" data-element_type=\"widget\" data-widget_type=\"icontact_info.default\">\n\t\t\t\t<div class=\"elementor-widget-container\">\n\t\t\t\t\t\t\t\t\t\t    \t<div class=\"contact-info box-style1\">\r\n\t\t\t\t\t\t\t\t    \t\t        <i class=\"flaticon-envelope\"><\/i>\t\t\t        <div class=\"info-text\">\r\n\t\t\t        \t<h6>Nasz E-mail:<\/h6>\r\n\t\t\t        \t<p>radcaprawnymorawiecmrozinska@gmail.com<\/p>\r\n\t\t\t        <\/div>\r\n\t\t\t    <\/div>\r\n\t\t    \t    \t\t\t\t<\/div>\n\t\t\t\t<\/div>\n\t\t\t\t<div class=\"elementor-element elementor-element-6469371 elementor-widget elementor-widget-icontact_info\" data-id=\"6469371\" data-element_type=\"widget\" data-widget_type=\"icontact_info.default\">\n\t\t\t\t<div class=\"elementor-widget-container\">\n\t\t\t\t\t\t\t\t\t\t    \t<div class=\"contact-info box-style1\">\r\n\t\t\t\t\t\t\t\t    \t\t        <i class=\"flaticon-phone-1\"><\/i>\t\t\t        <div class=\"info-text\">\r\n\t\t\t        \t<h6>Nasz numer telefonu:<\/h6>\r\n\t\t\t        \t<p>+48 797 553 520<\/p>\r\n\t\t\t        <\/div>\r\n\t\t\t    <\/div>\r\n\t\t    \t    \t\t\t\t<\/div>\n\t\t\t\t<\/div>\n\t\t\t\t<\/div>\n\t\t<div class=\"elementor-element elementor-element-4fd16f9 e-con-full e-flex e-con e-child\" data-id=\"4fd16f9\" data-element_type=\"container\" data-settings=\"{&quot;background_background&quot;:&quot;classic&quot;}\">\n\t\t\t\t<div class=\"elementor-element elementor-element-8c44874 elementor-widget elementor-widget-shortcode\" data-id=\"8c44874\" data-element_type=\"widget\" data-widget_type=\"shortcode.default\">\n\t\t\t\t<div class=\"elementor-widget-container\">\n\t\t\t\t\t\t\t<div class=\"elementor-shortcode\">\n<div class=\"wpcf7 no-js\" id=\"wpcf7-f5391-o1\" lang=\"en-US\" dir=\"ltr\" data-wpcf7-id=\"5391\">\n<div class=\"screen-reader-response\"><p role=\"status\" aria-live=\"polite\" aria-atomic=\"true\"><\/p> <ul><\/ul><\/div>\n<form action=\"\/index.php\/wp-json\/wp\/v2\/pages\/5355#wpcf7-f5391-o1\" method=\"post\" class=\"wpcf7-form init\" aria-label=\"Contact form\" novalidate=\"novalidate\" data-status=\"init\">\n<fieldset class=\"hidden-fields-container\"><input type=\"hidden\" name=\"_wpcf7\" value=\"5391\" \/><input type=\"hidden\" name=\"_wpcf7_version\" value=\"6.1.1\" \/><input type=\"hidden\" name=\"_wpcf7_locale\" value=\"en_US\" \/><input type=\"hidden\" name=\"_wpcf7_unit_tag\" value=\"wpcf7-f5391-o1\" \/><input type=\"hidden\" name=\"_wpcf7_container_post\" value=\"0\" \/><input type=\"hidden\" name=\"_wpcf7_posted_data_hash\" value=\"\" \/>\n<\/fieldset>\n<div class=\"main-form\">\n\t<h2>Potrzebujesz porady\n\t<\/h2>\n\t<h3 style=\"color:white\">Napisz do nas\n\t<\/h3>\n\t<p><span class=\"wpcf7-form-control-wrap\" data-name=\"your-name\"><input size=\"40\" maxlength=\"400\" class=\"wpcf7-form-control wpcf7-text wpcf7-validates-as-required\" aria-required=\"true\" aria-invalid=\"false\" placeholder=\"Imi\u0119 *\" value=\"\" type=\"text\" name=\"your-name\" \/><\/span>\n\t<\/p>\n\t<p><span class=\"wpcf7-form-control-wrap\" data-name=\"your-email\"><input size=\"40\" maxlength=\"400\" class=\"wpcf7-form-control wpcf7-email wpcf7-validates-as-required wpcf7-text wpcf7-validates-as-email\" aria-required=\"true\" aria-invalid=\"false\" placeholder=\"Adres e-mail *\" value=\"\" type=\"email\" name=\"your-email\" \/><\/span>\n\t<\/p>\n\t<p><span class=\"wpcf7-form-control-wrap\" data-name=\"your-message\"><textarea cols=\"40\" rows=\"10\" maxlength=\"2000\" class=\"wpcf7-form-control wpcf7-textarea\" aria-invalid=\"false\" placeholder=\"Wiadomo\u015b\u0107...\" name=\"your-message\"><\/textarea><\/span>\n\t<\/p>\n\t<p><button type=\"submit\" class=\"octf-btn octf-btn-light\">Wy\u015blij wiadomo\u015b\u0107<\/button>\n\t<\/p>\n<\/div><div class=\"wpcf7-response-output\" aria-hidden=\"true\"><\/div>\n<\/form>\n<\/div>\n<\/div>\n\t\t\t\t\t\t<\/div>\n\t\t\t\t<\/div>\n\t\t\t\t<\/div>\n\t\t\t\t\t<\/div>\n\t\t\t\t<\/div>\n\t\t\t\t<section class=\"elementor-section elementor-top-section elementor-element elementor-element-1cca2dd elementor-section-full_width ot-traditional elementor-section-height-default elementor-section-height-default\" data-id=\"1cca2dd\" data-element_type=\"section\">\n\t\t\t\t\t\t<div class=\"elementor-container elementor-column-gap-default\">\n\t\t\t\t\t<div class=\"elementor-column elementor-col-100 elementor-top-column elementor-element elementor-element-fb202a9 ot-flex-column-vertical\" data-id=\"fb202a9\" data-element_type=\"column\">\n\t\t\t<div class=\"elementor-widget-wrap elementor-element-populated\">\n\t\t\t\t\t\t<div class=\"elementor-element elementor-element-57b2e76 elementor-widget elementor-widget-google_maps\" data-id=\"57b2e76\" data-element_type=\"widget\" data-widget_type=\"google_maps.default\">\n\t\t\t\t<div class=\"elementor-widget-container\">\n\t\t\t\t\t\t\t<div class=\"elementor-custom-embed\">\n\t\t\t<iframe loading=\"lazy\"\n\t\t\t\t\tsrc=\"https:\/\/maps.google.com\/maps?q=Rekreacyjna%2017%2C%20Zawiercie%2C%20Poland&#038;t=m&#038;z=10&#038;output=embed&#038;iwloc=near\"\n\t\t\t\t\ttitle=\"Rekreacyjna 17, Zawiercie, Poland\"\n\t\t\t\t\taria-label=\"Rekreacyjna 17, Zawiercie, Poland\"\n\t\t\t><\/iframe>\n\t\t<\/div>\n\t\t\t\t\t\t<\/div>\n\t\t\t\t<\/div>\n\t\t\t\t\t<\/div>\n\t\t<\/div>\n\t\t\t\t\t<\/div>\n\t\t<\/section>\n\t\t\t\t<\/div>\n\t\t","protected":false},"excerpt":{"rendered":"<p>Skontaktuj si\u0119 z nami Godziny otwarcia: 10:00 &#8211; 17:00 Nasz E-mail: radcaprawnymorawiecmrozinska@gmail.com Nasz numer telefonu: +48 797 553 520<\/p>\n","protected":false},"author":1,"featured_media":0,"parent":0,"menu_order":0,"comment_status":"closed","ping_status":"closed","template":"","meta":{"footnotes":""},"class_list":["post-5355","page","type-page","status-publish","hentry"],"yoast_head":"<!-- This site is optimized with the Yoast SEO plugin v25.7 - https:\/\/yoast.com\/wordpress\/plugins\/seo\/ -->\n<title>Kontakt - Kancelaria Radcy Prawnego Monika Morawiec-Mrozi\u0144ska<\/title>\n<meta name=\"description\" content=\"Potrzebujesz porady prawnej? Skontaktuj si\u0119 z nasz\u0105 kancelari\u0105 w Zawierciu. Jeste\u015bmy do Twojej dyspozycji \u2013 znajdziesz tutaj nasze dane kontaktowe, godziny otwarcia oraz formularz kontaktowy. Zapraszamy do wsp\u00f3\u0142pracy!\" \/>\n<meta name=\"robots\" content=\"index, follow, max-snippet:-1, max-image-preview:large, max-video-preview:-1\" \/>\n<link rel=\"canonical\" href=\"https:\/\/www.radca-morawiecmrozinska.pl\/index.php\/kontakt\/\" \/>\n<meta property=\"og:locale\" content=\"pl_PL\" \/>\n<meta property=\"og:type\" content=\"article\" \/>\n<meta property=\"og:title\" content=\"Kontakt - Kancelaria Radcy Prawnego Monika Morawiec-Mrozi\u0144ska\" \/>\n<meta property=\"og:description\" content=\"Potrzebujesz porady prawnej? Skontaktuj si\u0119 z nasz\u0105 kancelari\u0105 w Zawierciu. Jeste\u015bmy do Twojej dyspozycji \u2013 znajdziesz tutaj nasze dane kontaktowe, godziny otwarcia oraz formularz kontaktowy. Zapraszamy do wsp\u00f3\u0142pracy!\" \/>\n<meta property=\"og:url\" content=\"https:\/\/www.radca-morawiecmrozinska.pl\/index.php\/kontakt\/\" \/>\n<meta property=\"og:site_name\" content=\"Kancelaria Radcy Prawnego Monika Morawiec-Mrozi\u0144ska\" \/>\n<meta property=\"article:modified_time\" content=\"2024-11-23T14:14:27+00:00\" \/>\n<meta name=\"twitter:card\" content=\"summary_large_image\" \/>\n<meta name=\"twitter:label1\" content=\"Szacowany czas czytania\" \/>\n\t<meta name=\"twitter:data1\" content=\"1 minuta\" \/>\n<script type=\"application\/ld+json\" class=\"yoast-schema-graph\">{\"@context\":\"https:\/\/schema.org\",\"@graph\":[{\"@type\":\"WebPage\",\"@id\":\"https:\/\/www.radca-morawiecmrozinska.pl\/index.php\/kontakt\/\",\"url\":\"https:\/\/www.radca-morawiecmrozinska.pl\/index.php\/kontakt\/\",\"name\":\"Kontakt - Kancelaria Radcy Prawnego Monika Morawiec-Mrozi\u0144ska\",\"isPartOf\":{\"@id\":\"https:\/\/www.radca-morawiecmrozinska.pl\/#website\"},\"datePublished\":\"2024-03-03T18:23:59+00:00\",\"dateModified\":\"2024-11-23T14:14:27+00:00\",\"description\":\"Potrzebujesz porady prawnej? Skontaktuj si\u0119 z nasz\u0105 kancelari\u0105 w Zawierciu. Jeste\u015bmy do Twojej dyspozycji \u2013 znajdziesz tutaj nasze dane kontaktowe, godziny otwarcia oraz formularz kontaktowy. Zapraszamy do wsp\u00f3\u0142pracy!\",\"breadcrumb\":{\"@id\":\"https:\/\/www.radca-morawiecmrozinska.pl\/index.php\/kontakt\/#breadcrumb\"},\"inLanguage\":\"pl-PL\",\"potentialAction\":[{\"@type\":\"ReadAction\",\"target\":[\"https:\/\/www.radca-morawiecmrozinska.pl\/index.php\/kontakt\/\"]}]},{\"@type\":\"BreadcrumbList\",\"@id\":\"https:\/\/www.radca-morawiecmrozinska.pl\/index.php\/kontakt\/#breadcrumb\",\"itemListElement\":[{\"@type\":\"ListItem\",\"position\":1,\"name\":\"Strona g\u0142\u00f3wna\",\"item\":\"https:\/\/www.radca-morawiecmrozinska.pl\/\"},{\"@type\":\"ListItem\",\"position\":2,\"name\":\"Kontakt\"}]},{\"@type\":\"WebSite\",\"@id\":\"https:\/\/www.radca-morawiecmrozinska.pl\/#website\",\"url\":\"https:\/\/www.radca-morawiecmrozinska.pl\/\",\"name\":\"Kancelaria Radcy Prawnego Monika Morawiec-Mrozi\u0144ska\",\"description\":\"Sprawiedliwo\u015b\u0107, profesjonalizm, zaufanie\",\"potentialAction\":[{\"@type\":\"SearchAction\",\"target\":{\"@type\":\"EntryPoint\",\"urlTemplate\":\"https:\/\/www.radca-morawiecmrozinska.pl\/?s={search_term_string}\"},\"query-input\":{\"@type\":\"PropertyValueSpecification\",\"valueRequired\":true,\"valueName\":\"search_term_string\"}}],\"inLanguage\":\"pl-PL\"}]}<\/script>\n<!-- \/ Yoast SEO plugin. -->","yoast_head_json":{"title":"Kontakt - Kancelaria Radcy Prawnego Monika Morawiec-Mrozi\u0144ska","description":"Potrzebujesz porady prawnej? Skontaktuj si\u0119 z nasz\u0105 kancelari\u0105 w Zawierciu. Jeste\u015bmy do Twojej dyspozycji \u2013 znajdziesz tutaj nasze dane kontaktowe, godziny otwarcia oraz formularz kontaktowy. Zapraszamy do wsp\u00f3\u0142pracy!","robots":{"index":"index","follow":"follow","max-snippet":"max-snippet:-1","max-image-preview":"max-image-preview:large","max-video-preview":"max-video-preview:-1"},"canonical":"https:\/\/www.radca-morawiecmrozinska.pl\/index.php\/kontakt\/","og_locale":"pl_PL","og_type":"article","og_title":"Kontakt - Kancelaria Radcy Prawnego Monika Morawiec-Mrozi\u0144ska","og_description":"Potrzebujesz porady prawnej? Skontaktuj si\u0119 z nasz\u0105 kancelari\u0105 w Zawierciu. Jeste\u015bmy do Twojej dyspozycji \u2013 znajdziesz tutaj nasze dane kontaktowe, godziny otwarcia oraz formularz kontaktowy. Zapraszamy do wsp\u00f3\u0142pracy!","og_url":"https:\/\/www.radca-morawiecmrozinska.pl\/index.php\/kontakt\/","og_site_name":"Kancelaria Radcy Prawnego Monika Morawiec-Mrozi\u0144ska","article_modified_time":"2024-11-23T14:14:27+00:00","twitter_card":"summary_large_image","twitter_misc":{"Szacowany czas czytania":"1 minuta"},"schema":{"@context":"https:\/\/schema.org","@graph":[{"@type":"WebPage","@id":"https:\/\/www.radca-morawiecmrozinska.pl\/index.php\/kontakt\/","url":"https:\/\/www.radca-morawiecmrozinska.pl\/index.php\/kontakt\/","name":"Kontakt - Kancelaria Radcy Prawnego Monika Morawiec-Mrozi\u0144ska","isPartOf":{"@id":"https:\/\/www.radca-morawiecmrozinska.pl\/#website"},"datePublished":"2024-03-03T18:23:59+00:00","dateModified":"2024-11-23T14:14:27+00:00","description":"Potrzebujesz porady prawnej? Skontaktuj si\u0119 z nasz\u0105 kancelari\u0105 w Zawierciu. Jeste\u015bmy do Twojej dyspozycji \u2013 znajdziesz tutaj nasze dane kontaktowe, godziny otwarcia oraz formularz kontaktowy. Zapraszamy do wsp\u00f3\u0142pracy!","breadcrumb":{"@id":"https:\/\/www.radca-morawiecmrozinska.pl\/index.php\/kontakt\/#breadcrumb"},"inLanguage":"pl-PL","potentialAction":[{"@type":"ReadAction","target":["https:\/\/www.radca-morawiecmrozinska.pl\/index.php\/kontakt\/"]}]},{"@type":"BreadcrumbList","@id":"https:\/\/www.radca-morawiecmrozinska.pl\/index.php\/kontakt\/#breadcrumb","itemListElement":[{"@type":"ListItem","position":1,"name":"Strona g\u0142\u00f3wna","item":"https:\/\/www.radca-morawiecmrozinska.pl\/"},{"@type":"ListItem","position":2,"name":"Kontakt"}]},{"@type":"WebSite","@id":"https:\/\/www.radca-morawiecmrozinska.pl\/#website","url":"https:\/\/www.radca-morawiecmrozinska.pl\/","name":"Kancelaria Radcy Prawnego Monika Morawiec-Mrozi\u0144ska","description":"Sprawiedliwo\u015b\u0107, profesjonalizm, zaufanie","potentialAction":[{"@type":"SearchAction","target":{"@type":"EntryPoint","urlTemplate":"https:\/\/www.radca-morawiecmrozinska.pl\/?s={search_term_string}"},"query-input":{"@type":"PropertyValueSpecification","valueRequired":true,"valueName":"search_term_string"}}],"inLanguage":"pl-PL"}]}},"_links":{"self":[{"href":"https:\/\/www.radca-morawiecmrozinska.pl\/index.php\/wp-json\/wp\/v2\/pages\/5355","targetHints":{"allow":["GET"]}}],"collection":[{"href":"https:\/\/www.radca-morawiecmrozinska.pl\/index.php\/wp-json\/wp\/v2\/pages"}],"about":[{"href":"https:\/\/www.radca-morawiecmrozinska.pl\/index.php\/wp-json\/wp\/v2\/types\/page"}],"author":[{"embeddable":true,"href":"https:\/\/www.radca-morawiecmrozinska.pl\/index.php\/wp-json\/wp\/v2\/users\/1"}],"replies":[{"embeddable":true,"href":"https:\/\/www.radca-morawiecmrozinska.pl\/index.php\/wp-json\/wp\/v2\/comments?post=5355"}],"version-history":[{"count":49,"href":"https:\/\/www.radca-morawiecmrozinska.pl\/index.php\/wp-json\/wp\/v2\/pages\/5355\/revisions"}],"predecessor-version":[{"id":5777,"href":"https:\/\/www.radca-morawiecmrozinska.pl\/index.php\/wp-json\/wp\/v2\/pages\/5355\/revisions\/5777"}],"wp:attachment":[{"href":"https:\/\/www.radca-morawiecmrozinska.pl\/index.php\/wp-json\/wp\/v2\/media?parent=5355"}],"curies":[{"name":"wp","href":"https:\/\/api.w.org\/{rel}","templated":true}]}}